{"id":2,"date":"2020-12-23T12:02:20","date_gmt":"2020-12-23T11:02:20","guid":{"rendered":"https:\/\/www.querbeet-brass.ch\/?page_id=2"},"modified":"2026-01-16T20:56:40","modified_gmt":"2026-01-16T19:56:40","slug":"querbeet-brass","status":"publish","type":"page","link":"https:\/\/www.querbeet-brass.ch\/","title":{"rendered":"Start"},"content":{"rendered":"\n<figure class=\"wp-block-pullquote is-style-default has-border-color\" style=\"border-color:#e5e5e5\"><blockquote><p><strong>Querbeet&nbsp;\u2013 Brass<\/strong>, ein musikalisches \u00dcberraschungspaket aus dem Zugerland<\/p><\/blockquote><\/figure>\n\n\n\n<p class=\"has-text-align-right\"><em>Januar 2026<\/em><\/p>\n\n\n\n<p><\/p>\n\n\n\n<p>Herzlich willkommen auf unserer Site. <br>Hier k\u00f6nnt ihr euch informieren \u00fcber unsere geplanten Auftritte. Wer will, kann sich unten auf unsere Mailingliste registrieren lassen. So k\u00f6nnen wir euch mit einer Email \u00fcber die aktuellen Auftritte informieren.<\/p>\n\n\n\n<p>Wir w\u00fcnschen euch gute Unterhaltung mit Querbeet \u2013 Brass. <\/p>\n\n\n\n<div style=\"height:26px\" aria-hidden=\"true\" class=\"wp-block-spacer\"><\/div>\n\n\n\n<div class=\"wp-block-columns is-layout-flex wp-container-core-columns-is-layout-28f84493 wp-block-columns-is-layout-flex\">\n<div class=\"wp-block-column is-layout-flow wp-block-column-is-layout-flow\">\n<h2 class=\"wp-block-heading\">Termine<\/h2>\n\n\n\n<p><strong>Samstag, 16. Mai 2026<\/strong><br><a href=\"https:\/\/www.baar.ch\/brauchtummaerkte\/8049\" target=\"_blank\" rel=\"noreferrer noopener\"><strong>Samschtig\u00a0M\u00e4rt Baar<\/strong><\/a><br>9.30 \u2013 11.20 Uhr<br>Rathaus-Sch\u00fc\u00fcr-Platz, Baar<\/p>\n\n\n\n<p><strong>Samstag, 19. September 2026<\/strong><br>save the date&#8230;<br>Konzert im Raum Zug<\/p>\n\n\n\n<p><br><em>weitere Daten folgen&#8230;<\/em><\/p>\n\n\n\n<p><\/p>\n\n\n\n<hr class=\"wp-block-separator has-text-color has-black-color has-css-opacity has-black-background-color has-background is-style-wide\"\/>\n\n\n\n<h2 class=\"wp-block-heading\">Vergangene Auftritte<\/h2>\n\n\n\n<p>27. September 2025, &#8222;Querbeet in Concert&#8220;<br>Schrynerhalle, Baar<\/p>\n\n\n\n<p>13. Juni 2025, <a href=\"https:\/\/www.walchwil.ch\/public\/upload\/assets\/2458\/FBW_Flyer_GzD_V3.pdf?fp=1748336435327\">Freie B\u00fchne Walchwil<\/a><br>Dorfplatz, Walchwil<\/p>\n\n\n\n<p>24. August 2024, <a href=\"https:\/\/www.ig-bundesplatz.ch\" data-type=\"URL\" data-id=\"https:\/\/www.ig-bundesplatz.ch\">IG-Bundesplatz<\/a><br>Bundesplatz, Zug<\/p>\n\n\n\n<p class=\"has-text-align-left\">9. September 2023, <a href=\"https:\/\/www.ig-bundesplatz.ch\" data-type=\"URL\" data-id=\"https:\/\/www.ig-bundesplatz.ch\">IG-Bundesplatz<\/a> <br>Bundesplatz, Zug<\/p>\n\n\n\n<p class=\"has-text-align-left\">13. November 2022, Sonntagsbrunch <br>Rest. Sport-Inn, Baar<\/p>\n\n\n\n<p>28. Oktober 2022, <a href=\"https:\/\/langhuus.ch\/\" target=\"_blank\" rel=\"noreferrer noopener\">Langhuus-Bar<\/a><br>Fabrikstrasse, Cham<\/p>\n\n\n\n<p>27. August 2022, <a href=\"https:\/\/www.raiffeisen.ch\/zug\/de\/ueber-uns\/ihre-bank-vor-ort\/aktuell\/sommerfest.html\">Sommerfest<\/a>, RAIFFEISEN Baar<br>Marktgasse 10, Baar<\/p>\n\n\n\n<p>18. September 2021,&nbsp; <a href=\"https:\/\/www.ig-bundesplatz.ch\" data-type=\"URL\" data-id=\"https:\/\/www.ig-bundesplatz.ch\">IG-Bundesplatz<\/a><br>Bundesplatz, Zug<\/p>\n\n\n\n<p>21. August 2021,&nbsp;<a href=\"https:\/\/www.baar.ch\/brauchtummaerkte\/8049\" target=\"_blank\" rel=\"noreferrer noopener\">Samschtig&nbsp;M\u00e4rt Baar<\/a><br>Rathaus-Sch\u00fc\u00fcr-Platz, Baar<\/p>\n\n\n\n<p>25. September&nbsp;2020,&nbsp;<a href=\"https:\/\/langhuus.ch\/\" target=\"_blank\" rel=\"noreferrer noopener\">Langhuus-Bar<\/a>, Fabrikstrasse, Cham<\/p>\n\n\n\n<p>22. August 2020, Samschtig M\u00e4rt<br>Baar (abgesagt)<\/p>\n\n\n\n<p>21. August 2020,&nbsp;<a href=\"https:\/\/langhuus.ch\/\" target=\"_blank\" rel=\"noreferrer noopener\">Langhuus-Bar<\/a>, <br>Fabrikstrasse, Cham<\/p>\n\n\n\n<p>16. August 2020, Sommerfest im&nbsp;<a href=\"http:\/\/www.ziegelei-museum.ch\/\" target=\"_blank\" rel=\"noreferrer noopener\">Ziegelei-Museum<\/a>, Ziegelh\u00fctte <br>Hagendorn\/Cham<\/p>\n\n\n\n<p>17. November 2019,&nbsp;Kaktusbar,&nbsp;Baaradox<br>Chilbi Baar<\/p>\n\n\n\n<p>18. November 2018,&nbsp;Kaktusbar,&nbsp;Baaradox<br>Chilbi Baar&nbsp;&nbsp;<\/p>\n\n\n\n<p>5.&nbsp;Mai 2018,&nbsp;Geburtstagsfest<br>Baar<\/p>\n\n\n\n<p>12. Januar 2018, Geburtstagsfest<br>Steinhausen<\/p>\n\n\n\n<p>12. November 2017, Kaktus Bar,&nbsp;Baaradox<br>Chilbi Baar<\/p>\n\n\n\n<p>27. Oktober 2017,&nbsp;<a href=\"https:\/\/www.kircheobfelden.ch\/content\/e12357\/e13379\/\" target=\"_blank\" rel=\"noreferrer noopener\">Concerti Piccoli<\/a>&nbsp;<br>Reformierte Kirche, Obfelden<\/p>\n\n\n\n<p>20. Mai&nbsp;2017, Geburtstagsst\u00e4ndli<br>Baar<\/p>\n<\/div>\n\n\n\n<div class=\"wp-block-column is-layout-flow wp-block-column-is-layout-flow\">\n<h2 class=\"wp-block-heading\">Repertoire<\/h2>\n\n\n\n<ul class=\"wp-block-list has-black-color has-text-color\">\n<li><strong>Alle Lieben Berlin&nbsp;\u2013&nbsp;<\/strong>Robert Kel Torres<\/li>\n\n\n\n<li><strong>Auf der Vogelwiese<\/strong> \u2013 Ernst Mosch<\/li>\n\n\n\n<li><strong>Blue<\/strong>\u2013 Mnozil Brass<\/li>\n\n\n\n<li><strong>Cari\u00f1ito<\/strong>&nbsp;\u2013&nbsp;Lila Downs<\/li>\n\n\n\n<li><strong>Clocks&nbsp;<\/strong>\u2013 Coldplay<\/li>\n\n\n\n<li><strong>Crescent City<\/strong>&nbsp;\u2013&nbsp;Young Blood Brass Band<\/li>\n\n\n\n<li><strong>Do it again<\/strong>&nbsp;\u2013&nbsp;Steely Dan<\/li>\n\n\n\n<li><strong>Dreadlock&nbsp;Holiday<\/strong>&nbsp;\u2013&nbsp;10cc<\/li>\n\n\n\n<li><strong>Es wird Nacht Se<strong>\u00f1<\/strong>iorita<\/strong> \u2013 Udo J\u00fcrgens<\/li>\n\n\n\n<li><strong>Feel it still<\/strong> &nbsp;\u2013&nbsp;Portugal. The Man<\/li>\n\n\n\n<li><strong>Feels<\/strong>&nbsp;\u2013&nbsp;Calvin Haris<\/li>\n\n\n\n<li><strong>Going Home<\/strong> \u2013 Lucky Chops<\/li>\n\n\n\n<li><strong>Gummibaum&nbsp;\u2013&nbsp;<\/strong>Patent Ochsner<\/li>\n\n\n\n<li><strong>I&#8217;m not the only one<\/strong>&nbsp;\u2013&nbsp;Sam&nbsp;Smith<\/li>\n\n\n\n<li><strong>Keine Sterne in Athen<\/strong> \u2013 Stephan Remmler<\/li>\n\n\n\n<li><strong>La Vita \u00e9 Bella<\/strong> \u2013 Noa<\/li>\n\n\n\n<li><strong>Late in the evening<\/strong>&nbsp;\u2013&nbsp;Paul Simon<\/li>\n\n\n\n<li><strong>Love Yourself&nbsp;\u2013&nbsp;<\/strong>Justin Bieber<\/li>\n\n\n\n<li><strong>Montuno<\/strong>&nbsp;\u2013&nbsp;Gloria Estefan<\/li>\n\n\n\n<li><strong>M\u00fcrztalermarsch<\/strong> \u2013 Mnozil Brass<\/li>\n\n\n\n<li><strong>My Girl&nbsp;<\/strong>\u2013 The Temptations&nbsp;<\/li>\n\n\n\n<li><strong>Sunshine Day<\/strong> \u2013 Osibisa<\/li>\n\n\n\n<li><strong>Till there was You<\/strong> \u2013 Paul McCartney<\/li>\n\n\n\n<li><strong>Wir haben grossen Durst<\/strong> \u2013 Slavko Avsenik<\/li>\n\n\n\n<li><strong>Why did you do it&nbsp;<\/strong>\u2013 Stretch<\/li>\n\n\n\n<li>&#8230;<\/li>\n<\/ul>\n<\/div>\n<\/div>\n","protected":false},"excerpt":{"rendered":"<p>Querbeet&nbsp;\u2013 Brass, ein musikalisches \u00dcberraschungspaket aus dem Zugerland Januar 2026 Herzlich willkommen auf unserer Site. Hier k\u00f6nnt ihr euch informieren \u00fcber unsere geplanten Auftritte. Wer will, kann sich unten auf unsere Mailingliste registrieren lassen. So k\u00f6nnen wir euch mit einer Email \u00fcber die aktuellen Auftritte informieren. Wir w\u00fcnschen euch gute [&hellip;]<\/p>\n","protected":false},"author":1,"featured_media":0,"parent":0,"menu_order":0,"comment_status":"closed","ping_status":"closed","template":"","meta":{"pgc_sgb_lightbox_settings":"","footnotes":""},"class_list":["post-2","page","type-page","status-publish","hentry"],"_links":{"self":[{"href":"https:\/\/www.querbeet-brass.ch\/index.php?rest_route=\/wp\/v2\/pages\/2","targetHints":{"allow":["GET"]}}],"collection":[{"href":"https:\/\/www.querbeet-brass.ch\/index.php?rest_route=\/wp\/v2\/pages"}],"about":[{"href":"https:\/\/www.querbeet-brass.ch\/index.php?rest_route=\/wp\/v2\/types\/page"}],"author":[{"embeddable":true,"href":"https:\/\/www.querbeet-brass.ch\/index.php?rest_route=\/wp\/v2\/users\/1"}],"replies":[{"embeddable":true,"href":"https:\/\/www.querbeet-brass.ch\/index.php?rest_route=%2Fwp%2Fv2%2Fcomments&post=2"}],"version-history":[{"count":98,"href":"https:\/\/www.querbeet-brass.ch\/index.php?rest_route=\/wp\/v2\/pages\/2\/revisions"}],"predecessor-version":[{"id":727,"href":"https:\/\/www.querbeet-brass.ch\/index.php?rest_route=\/wp\/v2\/pages\/2\/revisions\/727"}],"wp:attachment":[{"href":"https:\/\/www.querbeet-brass.ch\/index.php?rest_route=%2Fwp%2Fv2%2Fmedia&parent=2"}],"curies":[{"name":"wp","href":"https:\/\/api.w.org\/{rel}","templated":true}]}}